{"id":15,"date":"2018-06-14T08:02:11","date_gmt":"2018-06-14T08:02:11","guid":{"rendered":"https:\/\/www.cabopulmosportcenter.com\/esp\/?page_id=15"},"modified":"2018-09-19T00:13:43","modified_gmt":"2018-09-19T00:13:43","slug":"nuestros-servicios","status":"publish","type":"page","link":"https:\/\/www.cabopulmosportcenter.com\/esp\/nuestros-servicios\/","title":{"rendered":"SERVICIOS"},"content":{"rendered":"<p style=\"text-align: center;\"><span style=\"font-family: Fredericka the Great, cursive; font-size: 28pt;\">Buceo<\/span><\/p>\n<p><span style=\"font-family: Raleway, sans-serif; font-size: 14pt;\"><span id=\"result_box\" class=\"\" lang=\"es\"><span class=\"\">Tenemos todos los equipos de buceo requeridos y personal local, totalmente capacitado para que pueda experimentar excelentes tours en el mundo submarino de Cabo Pulmo.<\/span> <span class=\"\">Los sitios de buceo var\u00edan en profundidad de 100 a 10 pies (30-3 metros)<\/span><\/span><\/span><\/p>\n<p>[edsanimate_start entry_animation_type= \u00abfadeIn\u00bb entry_delay= \u00ab1\u00bb entry_duration= \u00ab1\u00bb entry_timing= \u00ablinear\u00bb exit_animation_type= \u00ab\u00bb exit_delay= \u00ab1.5\u00bb exit_duration= \u00ab\u00bb exit_timing= \u00ab\u00bb animation_repeat= \u00ab1\u00bb keep= \u00abyes\u00bb animate_on= \u00abscroll\u00bb scroll_offset= \u00ab75\u00bb custom_css_class= \u00ab\u00bb]<img fetchpriority=\"high\" decoding=\"async\" class=\"aligncenter size-full wp-image-242\" src=\"https:\/\/www.cabopulmosportcenter.com\/wp-content\/uploads\/2018\/03\/scuba-diving-in-Cabo-Pulmo-best-services.jpg\" alt=\"\" width=\"319\" height=\"212\" \/>[edsanimate_end]<\/p>\n<p>[intense_content_section size=\u00bbfull\u00bb background_type=\u00bbimage\u00bb image=\u00bb145&#8243; imagemode=\u00bbparallax\u00bb image_horizontal_position=\u00bbcenter\u00bb breakout=\u00bb1&#8243;] [\/intense_content_section]<\/p>\n<p style=\"text-align: center;\"><span style=\"font-family: Fredericka the Great, cursive; font-size: 28pt;\">Tour de Snorkel<br \/>\n<\/span><\/p>\n<p style=\"text-align: justify;\"><span id=\"result_box\" class=\"\" lang=\"es\" style=\"font-family: Raleway, sans-serif; font-size: 14pt;\" tabindex=\"-1\"><span title=\"See and enjoy the Largest Reef in the Gulf of California and discover the wonders of the Sea.\">Vea y disfrute del arrecife m\u00e1s grande en el Golfo de California y descubra las maravillas del mar. <\/span><span title=\"Cabo Pulmo Sport Center offers you its snorkeling tour visiting 4 sites within the National Park with certified guide and captain, which includes all the necessary equipment (fins, mask, life jacket and neoprene suit) for your safety and comfort.\">El Centro Deportivo Cabo Pulmo le ofrece su recorrido de snorkeling visitando 4 sitios dentro del Parque Nacional con gu\u00eda y capit\u00e1n certificados, que incluye todo el equipo necesario (aletas, m\u00e1scara, chaleco salvavidas y traje de neopreno) para su seguridad y comodidad. <\/span><span title=\"We have large boats with shade and stairs. \">Tenemos barcos grandes con sombra y escaleras.<\/span><\/span><\/p>\n<p style=\"text-align: justify;\"><span style=\"font-family: Raleway, sans-serif; font-size: 14pt;\"><span title=\"Venture and see the largest living reef in the Gulf of California.\">Avent\u00farate y observa el arrecife m\u00e1s grande del Golfo de California. <\/span><span title=\"Discover the marine life that Cabo Pulmo has for you.\">Descubre la vida marina que Cabo Pulmo tiene para ti. <\/span><span title=\"Amazing banks of fish of different colors and sizes, from small Moorish idols to the impressive bank of Jureles. \">Incre\u00edbles bancos de peces de diferentes colores y tama\u00f1os, desde peque\u00f1os \u00eddolos moros hasta el impresionante banco de Jureles.<\/span><\/span><\/p>\n<p style=\"text-align: justify;\"><span style=\"font-family: Raleway, sans-serif; font-size: 14pt;\"><span title=\"Have you imagined seeing the sea lion in its natural habitat?\">\u00bfTe imaginaste viendo al lobo marino en su h\u00e1bitat natural? <\/span><span title=\"Now imagine the experience that is swimming with them;\">Ahora imagina la experiencia que ser\u00e1 nadar con ellos; <\/span><span title=\"as well as exploring the feeding and refuge site of the hawksbill turtle \">adem\u00e1s de explorar el sitio de alimentaci\u00f3n y refugio de la tortuga carey<\/span><\/span><\/p>\n<p style=\"text-align: justify;\"><span style=\"font-family: Raleway, sans-serif; font-size: 14pt;\" title=\"This and more you can always enjoy safe and fun. \">Esto y m\u00e1s, siempre puedes disfrutar de forma segura y divertida.<\/span><\/p>\n<p style=\"text-align: justify;\"><span style=\"font-family: Raleway, sans-serif; font-size: 14pt;\" title=\"Live the experience of approximately 2 hours of adventure aboard our magnificent boats, safe and comfortable with captains and certified guides that will provide you and the group (maximum 8 people by Cabo Pulmo National Park rules) a personalized treatment within and out of the water. \">Viva la experiencia de aproximadamente 2 horas de aventura a bordo de nuestros magn\u00edficos barcos, seguros y c\u00f3modos con capitanes y gu\u00edas certificados que le brindar\u00e1n a usted y al grupo (m\u00e1ximo 8 personas seg\u00fan las reglas del Parque Nacional Cabo Pulmo) un trato personalizado dentro y fuera del agua.<\/span><\/p>\n<p style=\"text-align: justify;\"><span style=\"font-family: Raleway, sans-serif; font-size: 14pt;\" title=\"In our tour we provide all the necessary equipment consisting of fins, mask, snorkel, life jacket, neoprene (optional), water and snack, as well as your bracelet access to the Cabo Pulmo National Park.\">En nuestro recorrido le proporcionamos todo el equipo necesario que consiste en aletas, m\u00e1scara, tubo de respiraci\u00f3n, chaleco salvavidas, neopreno (opcional), agua y merienda, as\u00ed como su pulsera de acceso al Parque Nacional Cabo Pulmo.<\/span><\/p>\n<p>&nbsp;<\/p>\n<p>[edsanimate_start entry_animation_type= \u00abzoomIn\u00bb entry_delay= \u00ab1\u00bb entry_duration= \u00ab0.5\u00bb entry_timing= \u00ablinear\u00bb exit_animation_type= \u00ab\u00bb exit_delay= \u00ab\u00bb exit_duration= \u00ab\u00bb exit_timing= \u00ab\u00bb animation_repeat= \u00ab1\u00bb keep= \u00abyes\u00bb animate_on= \u00abscroll\u00bb scroll_offset= \u00ab75\u00bb custom_css_class= \u00ab\u00bb]<img decoding=\"async\" class=\"aligncenter size-full wp-image-243\" src=\"https:\/\/www.cabopulmosportcenter.com\/wp-content\/uploads\/2018\/03\/snorkeling-in-cabo-pulmo-best-services.jpg\" alt=\"\" width=\"318\" height=\"212\" \/>[edsanimate_end]<\/p>\n<p>[intense_content_section size=\u00bbfull\u00bb background_type=\u00bbimage\u00bb image=\u00bb145&#8243; imagemode=\u00bbparallax\u00bb image_horizontal_position=\u00bbcenter\u00bb breakout=\u00bb1&#8243;] [\/intense_content_section]<\/p>\n<p style=\"text-align: center;\"><span style=\"font-family: Fredericka the Great, cursive; font-size: 28pt;\">Pesca<\/span><\/p>\n<p><span style=\"font-family: Raleway, sans-serif; font-size: 14pt;\"><span id=\"result_box\" class=\"\" lang=\"es\" tabindex=\"-1\">Atrapa tu propia cena saliendo a pescar a bordo de una de nuestras superpangas especialmente dise\u00f1ada para esta actividad. <span class=\"\">Disfruta durante 4, 5 o 6 horas de un fant\u00e1stico viaje donde podr\u00e1s admirar el amanecer.<\/span><\/span><\/span><\/p>\n<p>[edsanimate_start entry_animation_type= \u00abzoomInUp\u00bb entry_delay= \u00ab1\u00bb entry_duration= \u00ab1.5\u00bb entry_timing= \u00ablinear\u00bb exit_animation_type= \u00ab\u00bb exit_delay= \u00ab\u00bb exit_duration= \u00ab\u00bb exit_timing= \u00ab\u00bb animation_repeat= \u00ab1\u00bb keep= \u00abyes\u00bb animate_on= \u00abscroll\u00bb scroll_offset= \u00ab75\u00bb custom_css_class= \u00ab\u00bb]<img decoding=\"async\" class=\"aligncenter size-full wp-image-244\" src=\"https:\/\/www.cabopulmosportcenter.com\/wp-content\/uploads\/2018\/03\/fishing-in-Cabo-Pulmo-best-service.jpg\" alt=\"\" width=\"319\" height=\"212\" \/>[edsanimate_end]<\/p>\n<p>[intense_content_section size=\u00bbfull\u00bb background_type=\u00bbimage\u00bb image=\u00bb145&#8243; imagemode=\u00bbparallax\u00bb image_horizontal_position=\u00bbcenter\u00bb breakout=\u00bb1&#8243;] [\/intense_content_section]<\/p>\n<p style=\"text-align: center;\"><span style=\"font-family: Fredericka the Great, cursive; font-size: 28pt;\">Alojamiento<\/span><\/p>\n<p><span style=\"font-family: Raleway, sans-serif; font-size: 14pt;\"><span id=\"result_box\" class=\"\" lang=\"es\" tabindex=\"-1\">Olv\u00eddate de la rutina diaria y rel\u00e1jate en compa\u00f1\u00eda de tu pareja en uno de nuestros tres BUNGALOWS de tama\u00f1o medio estilo mexicano. <span class=\"\">Para una pareja, cama king size, ba\u00f1o y una peque\u00f1a palapa r\u00fastica.<\/span><\/span><\/span><\/p>\n<p>[edsanimate_start entry_animation_type= \u00abfadeInRightBig\u00bb entry_delay= \u00ab1.5\u00bb entry_duration= \u00ab1\u00bb entry_timing= \u00ablinear\u00bb exit_animation_type= \u00ab\u00bb exit_delay= \u00ab\u00bb exit_duration= \u00ab\u00bb exit_timing= \u00ab\u00bb animation_repeat= \u00ab1\u00bb keep= \u00abyes\u00bb animate_on= \u00abscroll\u00bb scroll_offset= \u00ab75\u00bb custom_css_class= \u00ab\u00bb]<img loading=\"lazy\" decoding=\"async\" class=\"aligncenter size-full wp-image-245\" src=\"https:\/\/www.cabopulmosportcenter.com\/wp-content\/uploads\/2018\/03\/best-lodging-service-in-Cabo-Pulmo.jpg\" alt=\"\" width=\"319\" height=\"212\" \/>[edsanimate_end]<\/p>\n<p>[intense_content_section size=\u00bbfull\u00bb background_type=\u00bbimage\u00bb image=\u00bb145&#8243; imagemode=\u00bbparallax\u00bb image_horizontal_position=\u00bbcenter\u00bb breakout=\u00bb1&#8243;] [\/intense_content_section]<\/p>\n<p>&nbsp;<\/p>\n<p>&nbsp;<\/p>\n","protected":false},"excerpt":{"rendered":"<p>Buceo Tenemos todos los equipos de buceo requeridos y personal local, totalmente capacitado para que pueda experimentar excelentes tours en el mundo submarino de Cabo Pulmo. Los sitios de buceo var\u00edan en profundidad de 100 a 10 pies (30-3 metros) <span class=\"excerpt-dots\">&hellip;<\/span> <a class=\"more-link\" href=\"https:\/\/www.cabopulmosportcenter.com\/esp\/nuestros-servicios\/\"><span class=\"more-msg\">Sigue leyendo &rarr;<\/span><\/a><\/p>\n","protected":false},"author":1,"featured_media":0,"parent":0,"menu_order":2,"comment_status":"closed","ping_status":"closed","template":"","meta":{"footnotes":""},"class_list":["post-15","page","type-page","status-publish","hentry"],"_links":{"self":[{"href":"https:\/\/www.cabopulmosportcenter.com\/esp\/wp-json\/wp\/v2\/pages\/15","targetHints":{"allow":["GET"]}}],"collection":[{"href":"https:\/\/www.cabopulmosportcenter.com\/esp\/wp-json\/wp\/v2\/pages"}],"about":[{"href":"https:\/\/www.cabopulmosportcenter.com\/esp\/wp-json\/wp\/v2\/types\/page"}],"author":[{"embeddable":true,"href":"https:\/\/www.cabopulmosportcenter.com\/esp\/wp-json\/wp\/v2\/users\/1"}],"replies":[{"embeddable":true,"href":"https:\/\/www.cabopulmosportcenter.com\/esp\/wp-json\/wp\/v2\/comments?post=15"}],"version-history":[{"count":8,"href":"https:\/\/www.cabopulmosportcenter.com\/esp\/wp-json\/wp\/v2\/pages\/15\/revisions"}],"predecessor-version":[{"id":146,"href":"https:\/\/www.cabopulmosportcenter.com\/esp\/wp-json\/wp\/v2\/pages\/15\/revisions\/146"}],"wp:attachment":[{"href":"https:\/\/www.cabopulmosportcenter.com\/esp\/wp-json\/wp\/v2\/media?parent=15"}],"curies":[{"name":"wp","href":"https:\/\/api.w.org\/{rel}","templated":true}]}}